{"id":1405,"date":"2025-09-15T21:27:41","date_gmt":"2025-09-15T19:27:41","guid":{"rendered":"https:\/\/armandodelrio.com.ar\/dongfeng\/?page_id=1405"},"modified":"2025-11-11T13:18:55","modified_gmt":"2025-11-11T12:18:55","slug":"postventa","status":"publish","type":"page","link":"https:\/\/armandodelrio.com.ar\/dongfeng\/postventa\/","title":{"rendered":"Postventa"},"content":{"rendered":"\t\t<div data-elementor-type=\"wp-page\" data-elementor-id=\"1405\" class=\"elementor elementor-1405\" data-elementor-post-type=\"page\">\n\t\t\t\t<div class=\"elementor-element elementor-element-098ddec e-flex e-con-boxed e-con e-parent\" data-id=\"098ddec\" data-element_type=\"container\" data-e-type=\"container\" data-settings=\"{&quot;background_background&quot;:&quot;classic&quot;}\">\n\t\t\t\t\t<div class=\"e-con-inner\">\n\t\t\t\t<div class=\"elementor-element elementor-element-5c2d319 elementor-widget elementor-widget-heading\" data-id=\"5c2d319\" data-element_type=\"widget\" data-e-type=\"widget\" data-widget_type=\"heading.default\">\n\t\t\t\t\t<h1 class=\"elementor-heading-title elementor-size-default\">Postventa<\/h1>\t\t\t\t<\/div>\n\t\t\t\t<div class=\"elementor-element elementor-element-259a97a elementor-widget__width-initial elementor-widget elementor-widget-text-editor\" data-id=\"259a97a\" data-element_type=\"widget\" data-e-type=\"widget\" data-widget_type=\"text-editor.default\">\n\t\t\t\t\t\t\t\t\t<p>Solicit\u00e1 turno para tu pr\u00f3ximo servicio<\/p>\t\t\t\t\t\t\t\t<\/div>\n\t\t\t\t\t<\/div>\n\t\t\t\t<\/div>\n\t\t<div class=\"elementor-element elementor-element-ef46369 e-flex e-con-boxed e-con e-parent\" data-id=\"ef46369\" data-element_type=\"container\" data-e-type=\"container\" data-settings=\"{&quot;background_background&quot;:&quot;classic&quot;}\">\n\t\t\t\t\t<div class=\"e-con-inner\">\n\t\t<div class=\"elementor-element elementor-element-984e175 e-con-full e-flex e-con e-child\" data-id=\"984e175\" data-element_type=\"container\" data-e-type=\"container\">\n\t\t<div class=\"elementor-element elementor-element-f27613d e-con-full e-flex e-con e-child\" data-id=\"f27613d\" data-element_type=\"container\" data-e-type=\"container\">\n\t\t\t\t<div class=\"elementor-element elementor-element-b90d2e0 elementor-widget elementor-widget-heading\" data-id=\"b90d2e0\" data-element_type=\"widget\" data-e-type=\"widget\" data-widget_type=\"heading.default\">\n\t\t\t\t\t<h3 class=\"elementor-heading-title elementor-size-default\">Mantenimientos programados de Dongfeng<\/h3>\t\t\t\t<\/div>\n\t\t\t\t<div class=\"elementor-element elementor-element-52bde3f elementor-widget elementor-widget-text-editor\" data-id=\"52bde3f\" data-element_type=\"widget\" data-e-type=\"widget\" data-widget_type=\"text-editor.default\">\n\t\t\t\t\t\t\t\t\t<p>Mantenimientos programados de Dongfeng es el servicio pautado y recomendado por la marca para mantener el veh\u00edculo en \u00f3ptimas condiciones para que siga luciendo como nuevo, sin importar el uso que le des prolongando la vida \u00fatil.<br \/>Estas revisiones son de vital importancia, ya que el desgaste de las piezas son procesos graduales, por lo que si se detecta una anomal\u00eda a tiempo, ayudar\u00e1 a reducir los costos de reparaci\u00f3n y a obtener mayores beneficios en cuanto a econom\u00eda y seguridad.<\/p>\t\t\t\t\t\t\t\t<\/div>\n\t\t\t\t<\/div>\n\t\t<div class=\"elementor-element elementor-element-3e9d506 e-con-full e-flex e-con e-child\" data-id=\"3e9d506\" data-element_type=\"container\" data-e-type=\"container\" data-settings=\"{&quot;background_background&quot;:&quot;classic&quot;}\">\n\t\t\t\t<div class=\"elementor-element elementor-element-8a4dee1 elementor-view-stacked elementor-shape-circle elementor-widget elementor-widget-icon\" data-id=\"8a4dee1\" data-element_type=\"widget\" data-e-type=\"widget\" data-widget_type=\"icon.default\">\n\t\t\t\t\t\t\t<div class=\"elementor-icon-wrapper\">\n\t\t\t<div class=\"elementor-icon\">\n\t\t\t<svg xmlns=\"http:\/\/www.w3.org\/2000\/svg\" viewBox=\"0 0 30.85 30.85\"><path d=\"M7.66,28.34c-1.3-1.29-.44-4-1.1-5.6s-3.18-3-3.18-4.74,2.5-3.09,3.18-4.74S6.36,9,7.66,7.66s4-.44,5.6-1.1,3-3.18,4.74-3.18,3.09,2.5,4.74,3.18,4.31-.2,5.6,1.1.44,4,1.1,5.6,3.19,3,3.19,4.74-2.51,3.09-3.19,4.74.2,4.31-1.1,5.6-4,.44-5.6,1.1-3,3.19-4.74,3.19-3.09-2.51-4.74-3.19S9,29.64,7.66,28.34Z\" transform=\"translate(-2.57 -2.57)\" style=\"fill:none;stroke:#f6f7f9;stroke-linecap:round;stroke-linejoin:round;stroke-width:1.600000023841858px\"><\/path><path d=\"M12.38,19.13l3.37,3.37,7.88-7.87\" transform=\"translate(-2.57 -2.57)\" style=\"fill:none;stroke:#f6f7f9;stroke-linecap:round;stroke-linejoin:round;stroke-width:1.600000023841858px\"><\/path><\/svg>\t\t\t<\/div>\n\t\t<\/div>\n\t\t\t\t\t\t<\/div>\n\t\t\t\t<div class=\"elementor-element elementor-element-0453dc8 elementor-widget elementor-widget-heading\" data-id=\"0453dc8\" data-element_type=\"widget\" data-e-type=\"widget\" data-widget_type=\"heading.default\">\n\t\t\t\t\t<h3 class=\"elementor-heading-title elementor-size-default\">Garant\u00eda 3 a\u00f1os o 200.000 km*<\/h3>\t\t\t\t<\/div>\n\t\t\t\t<div class=\"elementor-element elementor-element-6bdfd42 elementor-widget elementor-widget-text-editor\" data-id=\"6bdfd42\" data-element_type=\"widget\" data-e-type=\"widget\" data-widget_type=\"text-editor.default\">\n\t\t\t\t\t\t\t\t\t<p>Comprometidos con la calidad de nuestros productos, Dongfeng Argentina respalda a nuestros clientes a trav\u00e9s de una amplia cobertura \u00fanica en el mercado que nos permite garantizar, mantener y prolongar el valor tus veh\u00edculos.<\/p>\t\t\t\t\t\t\t\t<\/div>\n\t\t\t\t<\/div>\n\t\t\t\t<\/div>\n\t\t<div class=\"elementor-element elementor-element-18e59c5 e-con-full e-flex e-con e-child\" data-id=\"18e59c5\" data-element_type=\"container\" data-e-type=\"container\">\n\t\t\t\t<div class=\"elementor-element elementor-element-a209d2c elementor-align-center elementor-widget elementor-widget-button\" data-id=\"a209d2c\" data-element_type=\"widget\" data-e-type=\"widget\" data-widget_type=\"button.default\">\n\t\t\t\t\t\t\t\t\t\t<a class=\"elementor-button elementor-button-link elementor-size-sm\" href=\"mailto:info@armandodelrio.com.ar\">\n\t\t\t\t\t\t<span class=\"elementor-button-content-wrapper\">\n\t\t\t\t\t\t\t\t\t<span class=\"elementor-button-text\">CONSULTA POSTVENTA<\/span>\n\t\t\t\t\t<\/span>\n\t\t\t\t\t<\/a>\n\t\t\t\t\t\t\t\t<\/div>\n\t\t\t\t<\/div>\n\t\t\t\t\t<\/div>\n\t\t\t\t<\/div>\n\t\t\t\t<\/div>\n\t\t","protected":false},"excerpt":{"rendered":"<p>Postventa Solicit\u00e1 turno para tu pr\u00f3ximo servicio Mantenimientos programados de Dongfeng Mantenimientos programados de Dongfeng es el servicio pautado y recomendado por la marca para mantener el veh\u00edculo en \u00f3ptimas condiciones para que siga luciendo como nuevo, sin importar el uso que le des prolongando la vida \u00fatil.Estas revisiones son de vital importancia, ya que [&hellip;]<\/p>\n","protected":false},"author":2,"featured_media":0,"parent":0,"menu_order":0,"comment_status":"closed","ping_status":"closed","template":"elementor_header_footer","meta":{"inline_featured_image":false,"_joinchat":[],"footnotes":""},"class_list":["post-1405","page","type-page","status-publish","hentry"],"_links":{"self":[{"href":"https:\/\/armandodelrio.com.ar\/dongfeng\/wp-json\/wp\/v2\/pages\/1405","targetHints":{"allow":["GET"]}}],"collection":[{"href":"https:\/\/armandodelrio.com.ar\/dongfeng\/wp-json\/wp\/v2\/pages"}],"about":[{"href":"https:\/\/armandodelrio.com.ar\/dongfeng\/wp-json\/wp\/v2\/types\/page"}],"author":[{"embeddable":true,"href":"https:\/\/armandodelrio.com.ar\/dongfeng\/wp-json\/wp\/v2\/users\/2"}],"replies":[{"embeddable":true,"href":"https:\/\/armandodelrio.com.ar\/dongfeng\/wp-json\/wp\/v2\/comments?post=1405"}],"version-history":[{"count":22,"href":"https:\/\/armandodelrio.com.ar\/dongfeng\/wp-json\/wp\/v2\/pages\/1405\/revisions"}],"predecessor-version":[{"id":1626,"href":"https:\/\/armandodelrio.com.ar\/dongfeng\/wp-json\/wp\/v2\/pages\/1405\/revisions\/1626"}],"wp:attachment":[{"href":"https:\/\/armandodelrio.com.ar\/dongfeng\/wp-json\/wp\/v2\/media?parent=1405"}],"curies":[{"name":"wp","href":"https:\/\/api.w.org\/{rel}","templated":true}]}}